{"id":35,"date":"2025-02-05T06:59:55","date_gmt":"2025-02-05T06:59:55","guid":{"rendered":"https:\/\/thehighbloodpressurebible.com\/?page_id=35"},"modified":"2025-07-11T05:51:43","modified_gmt":"2025-07-11T05:51:43","slug":"about-the-author","status":"publish","type":"page","link":"https:\/\/thehighbloodpressurebible.com\/fr\/about-the-author\/","title":{"rendered":"A propos de l'Auteur"},"content":{"rendered":"<div data-elementor-type=\"wp-page\" data-elementor-id=\"35\" class=\"elementor elementor-35\" data-elementor-post-type=\"page\">\n\t\t\t\t<div class=\"wd-negative-gap elementor-element elementor-element-4b0dde1 wd-section-stretch e-flex e-con-boxed e-con e-parent\" data-id=\"4b0dde1\" data-element_type=\"container\">\n\t\t\t\t\t<div class=\"e-con-inner\">\n\t\t<div class=\"elementor-element elementor-element-ead6a26 e-con-full e-flex e-con e-child\" data-id=\"ead6a26\" data-element_type=\"container\">\n\t\t\t\t<div class=\"elementor-element elementor-element-e1125f4 elementor-widget elementor-widget-heading\" data-id=\"e1125f4\" data-element_type=\"widget\" data-widget_type=\"heading.default\">\n\t\t\t\t<div class=\"elementor-widget-container\">\n\t\t\t\t\t<h2 class=\"elementor-heading-title elementor-size-default\">Rencontrez l'auteur\n<\/h2>\t\t\t\t<\/div>\n\t\t\t\t<\/div>\n\t\t\t\t<\/div>\n\t\t<div class=\"elementor-element elementor-element-208a20d e-con-full e-flex e-con e-child\" data-id=\"208a20d\" data-element_type=\"container\">\n\t\t<div class=\"elementor-element elementor-element-d725482 e-con-full e-flex e-con e-child\" data-id=\"d725482\" data-element_type=\"container\">\n\t\t\t\t<div class=\"elementor-element elementor-element-83731e5 elementor-widget elementor-widget-image\" data-id=\"83731e5\" data-element_type=\"widget\" data-widget_type=\"image.default\">\n\t\t\t\t<div class=\"elementor-widget-container\">\n\t\t\t\t\t\t\t\t\t\t\t\t\t\t\t<img fetchpriority=\"high\" decoding=\"async\" width=\"1220\" height=\"1222\" src=\"https:\/\/thehighbloodpressurebible.com\/wp-content\/uploads\/2025\/04\/About-the-author-2.png\" class=\"attachment-2048x2048 size-2048x2048 wp-image-1752\" alt=\"\" srcset=\"https:\/\/thehighbloodpressurebible.com\/wp-content\/uploads\/2025\/04\/About-the-author-2.png 1220w, https:\/\/thehighbloodpressurebible.com\/wp-content\/uploads\/2025\/04\/About-the-author-2-300x300.png 300w, https:\/\/thehighbloodpressurebible.com\/wp-content\/uploads\/2025\/04\/About-the-author-2-1022x1024.png 1022w, https:\/\/thehighbloodpressurebible.com\/wp-content\/uploads\/2025\/04\/About-the-author-2-150x150.png 150w, https:\/\/thehighbloodpressurebible.com\/wp-content\/uploads\/2025\/04\/About-the-author-2-768x769.png 768w, https:\/\/thehighbloodpressurebible.com\/wp-content\/uploads\/2025\/04\/About-the-author-2-600x601.png 600w\" sizes=\"(max-width: 1220px) 100vw, 1220px\" \/>\t\t\t\t\t\t\t\t\t\t\t\t\t\t\t<\/div>\n\t\t\t\t<\/div>\n\t\t\t\t<\/div>\n\t\t<div class=\"elementor-element elementor-element-e9e0b2c e-con-full e-flex e-con e-child\" data-id=\"e9e0b2c\" data-element_type=\"container\">\n\t\t\t\t<div class=\"elementor-element elementor-element-8d94767 color-scheme-inherit text-left elementor-widget elementor-widget-text-editor\" data-id=\"8d94767\" data-element_type=\"widget\" data-widget_type=\"text-editor.default\">\n\t\t\t\t<div class=\"elementor-widget-container\">\n\t\t\t\t\t\t\t\t\t<p><strong>Philippe Moser est titulaire d'un doctorat en pharmacie et poss\u00e8de plus de quatre d\u00e9cennies d'exp\u00e9rience dans le secteur de la sant\u00e9 et du bien-\u00eatre. Suite \u00e0 sa propre exp\u00e9rience d'hypertension art\u00e9rielle (HTA), Philippe a entrepris une qu\u00eate approfondie de recherche, aboutissant \u00e0 la d\u00e9couverte de l'oxyde nitrique (NO)\u2014une mol\u00e9cule miraculeuse\u2014et de son importance vitale pour la sant\u00e9 des vaisseaux sanguins.<\/strong>Apr\u00e8s avoir personnellement \u00e9prouv\u00e9 une hypertension art\u00e9rielle (HTA), Philippe Moser s'est lanc\u00e9 dans un voyage intensif de recherche, d\u00e9couvrant<strong> la mol\u00e9cule miracle\u2014Oxyde Nitrique (NO)<\/strong>et comment il joue un r\u00f4le crucial dans la sant\u00e9 vasculaire.<\/p><p>\u00c0 la suite de cette d\u00e9couverte, il a choisi d'adopter le r\u00e9gime m\u00e9diterran\u00e9en <strong>le r\u00e9gime m\u00e9diterran\u00e9en<\/strong>g\u00e9n\u00e9ralement reconnu comme l'un des r\u00e9gimes les plus b\u00e9n\u00e9fiques pour la sant\u00e9 cardiovasculaire. Cette di\u00e8te, compos\u00e9e d'ingr\u00e9dients favorisant la production d'oxyde nitrique, qui est essentielle pour contr\u00f4ler la pression art\u00e9rielle, lui a permis de surmonter son hypertension. \n\nCe changement a constitu\u00e9 une v\u00e9ritable m\u00e9tamorphose : non seulement son hypertension s'est invers\u00e9e, mais sa d\u00e9pendance aux m\u00e9dicaments a diminu\u00e9 progressivement pour finalement dispara\u00eetre. Il a donc regagn\u00e9 une nouvelle \u00e9nergie et a adopt\u00e9 un style de vie plus dynamique.<\/p><p>\u00c0 pr\u00e9sent, dans son ouvrage, <em>La Bible de l'Hypertension Art\u00e9rielle,<\/em>, Philippe Moser partage la <strong>des strat\u00e9gies bas\u00e9es sur des preuves scientifiques, des changements alimentaires et des modifications du mode de vie<\/strong> qui peuvent aider des personnes souffrant d'hypertension \u00e0 prendre le contr\u00f4le de leur tension art\u00e9rielle naturellement. <em>Philippe Moser comprend que l'hypertension n'est pas qu'un chiffre \u2014 c'est une inqui\u00e9tude quotidienne, des effets secondaires, et la peur de ce qui pourrait arriver ensuite. Il souhaite donner aux personnes non seulement des connaissances, mais aussi de l'espoir \u2014 et un chemin clair vers la gu\u00e9rison ancr\u00e9 en m\u00eame temps dans la science et la nature.<br \/><br \/>Take control of your health with expert tips from Florida\u2019s trusted blood pressure guide. Avoid risks by learning the <strong data-start=\"268\" data-end=\"360\"><a class=\"\" href=\"https:\/\/thehighbloodpressurebible.com\/fr\/more-faqs\/\" target=\"_new\" rel=\"noopener\" data-start=\"270\" data-end=\"358\">foods to avoid with hypertension<\/a><\/strong>, explore <strong data-start=\"370\" data-end=\"464\"><a class=\"\" href=\"https:\/\/thehighbloodpressurebible.com\/fr\/faq\/\" target=\"_new\" rel=\"noopener\" data-start=\"372\" data-end=\"462\">natural remedies for high blood pressure<\/a><\/strong>, and apply practical <strong data-start=\"486\" data-end=\"589\"><a class=\"\" href=\"https:\/\/thehighbloodpressurebible.com\/fr\/about-the-book\/\" target=\"_new\" rel=\"noopener\" data-start=\"488\" data-end=\"587\">monitoring blood pressure at home tips<\/a><\/strong>. Follow proven <strong data-start=\"605\" data-end=\"708\"><a class=\"\" href=\"https:\/\/thehighbloodpressurebible.com\/fr\/about-the-author\/\" target=\"_new\" rel=\"noopener\" data-start=\"607\" data-end=\"706\">natural ways to lower blood pressure<\/a><\/strong> through our complete <strong data-start=\"730\" data-end=\"849\"><a class=\"\" href=\"https:\/\/thehighbloodpressurebible.com\/fr\/3-day-blood-pressure-reset\/\" target=\"_new\" rel=\"noopener\" data-start=\"732\" data-end=\"847\">guide to naturally lowering blood pressure<\/a><\/strong>. If you&#8217;re considering lifestyle shifts, don\u2019t miss our <strong data-start=\"906\" data-end=\"1025\"><a class=\"\" href=\"https:\/\/thehighbloodpressurebible.com\/fr\/3-day-blood-pressure-reset-plan\/\" target=\"_new\" rel=\"noopener\" data-start=\"908\" data-end=\"1023\">guide to gradual medication reduction<\/a><\/strong>, the <strong data-start=\"1031\" data-end=\"1139\"><a class=\"\" href=\"https:\/\/thehighbloodpressurebible.com\/fr\/affiliate-agreement\/\" target=\"_new\" rel=\"noopener\" data-start=\"1033\" data-end=\"1137\">best exercises to lower blood pressure<\/a><\/strong>, and tips on <strong data-start=\"1153\" data-end=\"1267\"><a class=\"\" href=\"https:\/\/thehighbloodpressurebible.com\/fr\/affiliate-program\/\" target=\"_new\" rel=\"noopener\" data-start=\"1155\" data-end=\"1265\">how to reduce blood pressure naturally at home<\/a><\/strong>.<br \/><\/em><\/p>\t\t\t\t\t\t\t\t<\/div>\n\t\t\t\t<\/div>\n\t\t\t\t<div class=\"elementor-element elementor-element-5020326 color-scheme-inherit text-left elementor-widget elementor-widget-text-editor\" data-id=\"5020326\" data-element_type=\"widget\" data-widget_type=\"text-editor.default\">\n\t\t\t\t<div class=\"elementor-widget-container\">\n\t\t\t\t\t\t\t\t\t<p><strong>Procurez-vous votre exemplaire de La Bible de l'Hypertension Art\u00e9rielle d\u00e8s aujourd'hui !<\/strong><\/p><p><em>This book could change your health \u2014 and your life \u2014 the way it changed mine.<\/em><br \/>\u2014 <em>Dr. Philippe Moser<\/em><\/p>\t\t\t\t\t\t\t\t<\/div>\n\t\t\t\t<\/div>\n\t\t\t\t<div class=\"elementor-element elementor-element-add88ce elementor-widget elementor-widget-button\" data-id=\"add88ce\" data-element_type=\"widget\" data-widget_type=\"button.default\">\n\t\t\t\t<div class=\"elementor-widget-container\">\n\t\t\t\t\t\t\t\t\t<div class=\"elementor-button-wrapper\">\n\t\t\t\t\t<a class=\"elementor-button elementor-button-link elementor-size-sm\" href=\"https:\/\/thehighbloodpressurebible.com\/fr\/?add-to-cart=167&#038;quantity=1\">\n\t\t\t\t\t\t<span class=\"elementor-button-content-wrapper\">\n\t\t\t\t\t\t\t\t\t<span class=\"elementor-button-text\">Acheter<\/span>\n\t\t\t\t\t<\/span>\n\t\t\t\t\t<\/a>\n\t\t\t\t<\/div>\n\t\t\t\t\t\t\t\t<\/div>\n\t\t\t\t<\/div>\n\t\t\t\t<\/div>\n\t\t\t\t<\/div>\n\t\t\t\t\t<\/div>\n\t\t\t\t<\/div>\n\t\t\t\t<\/div>","protected":false},"excerpt":{"rendered":"<p>Meet the Author Philippe Moser is a Doctor of Pharmacy with over 40 years of experience in the field of<\/p>","protected":false},"author":1,"featured_media":0,"parent":0,"menu_order":0,"comment_status":"closed","ping_status":"closed","template":"","meta":{"_monsterinsights_skip_tracking":false,"_monsterinsights_sitenote_active":false,"_monsterinsights_sitenote_note":"","_monsterinsights_sitenote_category":0,"footnotes":""},"class_list":["post-35","page","type-page","status-publish","hentry"],"yoast_head":"<!-- This site is optimized with the Yoast SEO plugin v24.9 - https:\/\/yoast.com\/wordpress\/plugins\/seo\/ -->\n<title>Best Natural Ways to Lower Blood Pressure in USA<\/title>\n<meta name=\"description\" content=\"Explore natural ways to lower blood pressure in Florida. Use proven home remedies, healthy habits, and lifestyle tips to manage hypertension naturally.\" \/>\n<meta name=\"robots\" content=\"index, follow, max-snippet:-1, max-image-preview:large, max-video-preview:-1\" \/>\n<link rel=\"canonical\" href=\"https:\/\/thehighbloodpressurebible.com\/fr\/about-the-author\/\" \/>\n<meta property=\"og:locale\" content=\"fr_FR\" \/>\n<meta property=\"og:type\" content=\"article\" \/>\n<meta property=\"og:title\" content=\"Best Natural Ways to Lower Blood Pressure in USA\" \/>\n<meta property=\"og:description\" content=\"Explore natural ways to lower blood pressure in Florida. Use proven home remedies, healthy habits, and lifestyle tips to manage hypertension naturally.\" \/>\n<meta property=\"og:url\" content=\"https:\/\/thehighbloodpressurebible.com\/fr\/about-the-author\/\" \/>\n<meta property=\"og:site_name\" content=\"The High Blood Pressure Bible\" \/>\n<meta property=\"article:modified_time\" content=\"2025-07-11T05:51:43+00:00\" \/>\n<meta property=\"og:image\" content=\"https:\/\/thehighbloodpressurebible.com\/wp-content\/uploads\/2025\/04\/About-the-author-2.png\" \/>\n<meta name=\"twitter:card\" content=\"summary_large_image\" \/>\n<meta name=\"twitter:label1\" content=\"Dur\u00e9e de lecture estim\u00e9e\" \/>\n\t<meta name=\"twitter:data1\" content=\"2 minutes\" \/>\n<script type=\"application\/ld+json\" class=\"yoast-schema-graph\">{\"@context\":\"https:\/\/schema.org\",\"@graph\":[{\"@type\":\"WebPage\",\"@id\":\"https:\/\/thehighbloodpressurebible.com\/about-the-author\/\",\"url\":\"https:\/\/thehighbloodpressurebible.com\/about-the-author\/\",\"name\":\"Best Natural Ways to Lower Blood Pressure in USA\",\"isPartOf\":{\"@id\":\"https:\/\/thehighbloodpressurebible.com\/#website\"},\"primaryImageOfPage\":{\"@id\":\"https:\/\/thehighbloodpressurebible.com\/about-the-author\/#primaryimage\"},\"image\":{\"@id\":\"https:\/\/thehighbloodpressurebible.com\/about-the-author\/#primaryimage\"},\"thumbnailUrl\":\"https:\/\/thehighbloodpressurebible.com\/wp-content\/uploads\/2025\/04\/About-the-author-2.png\",\"datePublished\":\"2025-02-05T06:59:55+00:00\",\"dateModified\":\"2025-07-11T05:51:43+00:00\",\"description\":\"Explore natural ways to lower blood pressure in Florida. Use proven home remedies, healthy habits, and lifestyle tips to manage hypertension naturally.\",\"breadcrumb\":{\"@id\":\"https:\/\/thehighbloodpressurebible.com\/about-the-author\/#breadcrumb\"},\"inLanguage\":\"fr-FR\",\"potentialAction\":[{\"@type\":\"ReadAction\",\"target\":[\"https:\/\/thehighbloodpressurebible.com\/about-the-author\/\"]}]},{\"@type\":\"ImageObject\",\"inLanguage\":\"fr-FR\",\"@id\":\"https:\/\/thehighbloodpressurebible.com\/about-the-author\/#primaryimage\",\"url\":\"https:\/\/thehighbloodpressurebible.com\/wp-content\/uploads\/2025\/04\/About-the-author-2.png\",\"contentUrl\":\"https:\/\/thehighbloodpressurebible.com\/wp-content\/uploads\/2025\/04\/About-the-author-2.png\"},{\"@type\":\"BreadcrumbList\",\"@id\":\"https:\/\/thehighbloodpressurebible.com\/about-the-author\/#breadcrumb\",\"itemListElement\":[{\"@type\":\"ListItem\",\"position\":1,\"name\":\"Home\",\"item\":\"https:\/\/thehighbloodpressurebible.com\/\"},{\"@type\":\"ListItem\",\"position\":2,\"name\":\"About The Author\"}]},{\"@type\":\"WebSite\",\"@id\":\"https:\/\/thehighbloodpressurebible.com\/#website\",\"url\":\"https:\/\/thehighbloodpressurebible.com\/\",\"name\":\"The High Blood Pressure Bible\",\"description\":\"Lower Your Blood Pressure Naturally \u2013 Without Relying on Medication\",\"potentialAction\":[{\"@type\":\"SearchAction\",\"target\":{\"@type\":\"EntryPoint\",\"urlTemplate\":\"https:\/\/thehighbloodpressurebible.com\/?s={search_term_string}\"},\"query-input\":{\"@type\":\"PropertyValueSpecification\",\"valueRequired\":true,\"valueName\":\"search_term_string\"}}],\"inLanguage\":\"fr-FR\"}]}<\/script>\n<!-- \/ Yoast SEO plugin. -->","yoast_head_json":{"title":"Best Natural Ways to Lower Blood Pressure in USA","description":"Explore natural ways to lower blood pressure in Florida. Use proven home remedies, healthy habits, and lifestyle tips to manage hypertension naturally.","robots":{"index":"index","follow":"follow","max-snippet":"max-snippet:-1","max-image-preview":"max-image-preview:large","max-video-preview":"max-video-preview:-1"},"canonical":"https:\/\/thehighbloodpressurebible.com\/fr\/about-the-author\/","og_locale":"fr_FR","og_type":"article","og_title":"Best Natural Ways to Lower Blood Pressure in USA","og_description":"Explore natural ways to lower blood pressure in Florida. Use proven home remedies, healthy habits, and lifestyle tips to manage hypertension naturally.","og_url":"https:\/\/thehighbloodpressurebible.com\/fr\/about-the-author\/","og_site_name":"The High Blood Pressure Bible","article_modified_time":"2025-07-11T05:51:43+00:00","og_image":[{"url":"https:\/\/thehighbloodpressurebible.com\/wp-content\/uploads\/2025\/04\/About-the-author-2.png","type":"","width":"","height":""}],"twitter_card":"summary_large_image","twitter_misc":{"Dur\u00e9e de lecture estim\u00e9e":"2 minutes"},"schema":{"@context":"https:\/\/schema.org","@graph":[{"@type":"WebPage","@id":"https:\/\/thehighbloodpressurebible.com\/about-the-author\/","url":"https:\/\/thehighbloodpressurebible.com\/about-the-author\/","name":"Best Natural Ways to Lower Blood Pressure in USA","isPartOf":{"@id":"https:\/\/thehighbloodpressurebible.com\/#website"},"primaryImageOfPage":{"@id":"https:\/\/thehighbloodpressurebible.com\/about-the-author\/#primaryimage"},"image":{"@id":"https:\/\/thehighbloodpressurebible.com\/about-the-author\/#primaryimage"},"thumbnailUrl":"https:\/\/thehighbloodpressurebible.com\/wp-content\/uploads\/2025\/04\/About-the-author-2.png","datePublished":"2025-02-05T06:59:55+00:00","dateModified":"2025-07-11T05:51:43+00:00","description":"Explore natural ways to lower blood pressure in Florida. Use proven home remedies, healthy habits, and lifestyle tips to manage hypertension naturally.","breadcrumb":{"@id":"https:\/\/thehighbloodpressurebible.com\/about-the-author\/#breadcrumb"},"inLanguage":"fr-FR","potentialAction":[{"@type":"ReadAction","target":["https:\/\/thehighbloodpressurebible.com\/about-the-author\/"]}]},{"@type":"ImageObject","inLanguage":"fr-FR","@id":"https:\/\/thehighbloodpressurebible.com\/about-the-author\/#primaryimage","url":"https:\/\/thehighbloodpressurebible.com\/wp-content\/uploads\/2025\/04\/About-the-author-2.png","contentUrl":"https:\/\/thehighbloodpressurebible.com\/wp-content\/uploads\/2025\/04\/About-the-author-2.png"},{"@type":"BreadcrumbList","@id":"https:\/\/thehighbloodpressurebible.com\/about-the-author\/#breadcrumb","itemListElement":[{"@type":"ListItem","position":1,"name":"Home","item":"https:\/\/thehighbloodpressurebible.com\/"},{"@type":"ListItem","position":2,"name":"About The Author"}]},{"@type":"WebSite","@id":"https:\/\/thehighbloodpressurebible.com\/#website","url":"https:\/\/thehighbloodpressurebible.com\/","name":"The High Blood Pressure Bible","description":"Lower Your Blood Pressure Naturally \u2013 Without Relying on Medication","potentialAction":[{"@type":"SearchAction","target":{"@type":"EntryPoint","urlTemplate":"https:\/\/thehighbloodpressurebible.com\/?s={search_term_string}"},"query-input":{"@type":"PropertyValueSpecification","valueRequired":true,"valueName":"search_term_string"}}],"inLanguage":"fr-FR"}]}},"_links":{"self":[{"href":"https:\/\/thehighbloodpressurebible.com\/fr\/wp-json\/wp\/v2\/pages\/35","targetHints":{"allow":["GET"]}}],"collection":[{"href":"https:\/\/thehighbloodpressurebible.com\/fr\/wp-json\/wp\/v2\/pages"}],"about":[{"href":"https:\/\/thehighbloodpressurebible.com\/fr\/wp-json\/wp\/v2\/types\/page"}],"author":[{"embeddable":true,"href":"https:\/\/thehighbloodpressurebible.com\/fr\/wp-json\/wp\/v2\/users\/1"}],"replies":[{"embeddable":true,"href":"https:\/\/thehighbloodpressurebible.com\/fr\/wp-json\/wp\/v2\/comments?post=35"}],"version-history":[{"count":76,"href":"https:\/\/thehighbloodpressurebible.com\/fr\/wp-json\/wp\/v2\/pages\/35\/revisions"}],"predecessor-version":[{"id":2070,"href":"https:\/\/thehighbloodpressurebible.com\/fr\/wp-json\/wp\/v2\/pages\/35\/revisions\/2070"}],"wp:attachment":[{"href":"https:\/\/thehighbloodpressurebible.com\/fr\/wp-json\/wp\/v2\/media?parent=35"}],"curies":[{"name":"wp","href":"https:\/\/api.w.org\/{rel}","templated":true}]}}